{"id":2719,"date":"2024-02-29T12:54:09","date_gmt":"2024-02-29T10:54:09","guid":{"rendered":"https:\/\/www.acdhh.de\/?page_id=2719"},"modified":"2024-03-02T00:58:45","modified_gmt":"2024-03-01T22:58:45","slug":"cooperaciones","status":"publish","type":"page","link":"https:\/\/www.acdhh.de\/?page_id=2719","title":{"rendered":"Cooperaciones"},"content":{"rendered":"\n<hr class=\"wp-block-separator has-alpha-channel-opacity is-style-wide\"\/>\n\n\n\n<div class=\"wp-block-media-text is-stacked-on-mobile\" style=\"grid-template-columns:15% auto\" id=\"https:\/\/misioncatolica.com\/quienes-somos\/parroco\/\"><figure class=\"wp-block-media-text__media\"><img loading=\"lazy\" decoding=\"async\" width=\"150\" height=\"150\" src=\"https:\/\/www.acdhh.de\/wp-content\/uploads\/2024\/03\/MISION-CATOLICA-NBG-150-2.jpg\" alt=\"\" class=\"wp-image-2804 size-full\"\/><\/figure><div class=\"wp-block-media-text__content\">\n<p><\/p>\n\n\n\n<p><a href=\"https:\/\/misioncatolica.com\/quienes-somos\/parroco\/\" target=\"_blank\" rel=\"noopener\">Misi\u00f3n Cat\u00f3lica de Lengua Espa\u00f1ola N\u00fcrnberg<\/a><br \/>P\u00e1rroco Joan Vinyeta-Punt\u00ed<\/p>\n<\/div><\/div>\n\n\n\n<hr class=\"wp-block-separator has-alpha-channel-opacity is-style-wide\"\/>\n\n\n\n<div class=\"wp-block-media-text is-stacked-on-mobile\" style=\"grid-template-columns:15% auto\"><figure class=\"wp-block-media-text__media\"><img loading=\"lazy\" decoding=\"async\" width=\"150\" height=\"150\" src=\"https:\/\/www.acdhh.de\/wp-content\/uploads\/2024\/03\/HISPANOLEGAL-Logo-150-2.jpg\" alt=\"\" class=\"wp-image-2803 size-full\"\/><\/figure><div class=\"wp-block-media-text__content\">\n<p><\/p>\n\n\n\n<p><a href=\"https:\/\/ra-steinheimer.de\/\">Hispano Legal<\/a> <br \/>Abogado J\u00f6rg Steinmeier<\/p>\n<\/div><\/div>\n\n\n\n<hr class=\"wp-block-separator has-alpha-channel-opacity is-style-wide\"\/>\n\n\n\n<div class=\"wp-block-media-text is-stacked-on-mobile\" style=\"grid-template-columns:15% auto\"><figure class=\"wp-block-media-text__media\"><img loading=\"lazy\" decoding=\"async\" width=\"150\" height=\"150\" src=\"https:\/\/www.acdhh.de\/wp-content\/uploads\/2024\/03\/intercultura-150.jpg\" alt=\"\" class=\"wp-image-2809 size-full\"\/><\/figure><div class=\"wp-block-media-text__content\">\n<p><\/p>\n\n\n\n<p><a href=\"https:\/\/www.intercultura-nuernberg.de\/home\/\" target=\"_blank\" rel=\"noopener\">Intercultura<\/a> deutsch-spanischer Verein f\u00fcr Bildungs- und <br \/>Kulturarbeit e.V.<br \/>Maria Pinto del Solo<\/p>\n<\/div><\/div>\n\n\n\n<hr class=\"wp-block-separator has-alpha-channel-opacity is-style-wide\"\/>\n\n\n\n<div class=\"wp-block-media-text is-stacked-on-mobile\" style=\"grid-template-columns:15% auto\"><figure class=\"wp-block-media-text__media\"><img loading=\"lazy\" decoding=\"async\" width=\"150\" height=\"150\" src=\"https:\/\/www.acdhh.de\/wp-content\/uploads\/2024\/03\/bastidas150.jpg\" alt=\"\" class=\"wp-image-2808 size-full\"\/><\/figure><div class=\"wp-block-media-text__content\">\n<p><\/p>\n\n\n\n<ul>\n<li><a href=\"https:\/\/bastidas.de\/\" target=\"_blank\" rel=\"noopener\">Bastidas Webdesing<\/a><\/li>\n<li><a href=\"https:\/\/www.latinotopia.net\/\" target=\"_blank\" rel=\"noopener\">Latintopia<\/a> Programa de Radio Z y Podcast<br \/>William Bastidas<\/li>\n<\/ul>\n<\/div><\/div>\n","protected":false},"excerpt":{"rendered":"<p>Misi\u00f3n Cat\u00f3lica de Lengua Espa\u00f1ola N\u00fcrnbergP\u00e1rroco Joan Vinyeta-Punt\u00ed Hispano Legal Abogado J\u00f6rg Steinmeier Intercultura deutsch-spanischer Verein f\u00fcr Bildungs- und Kulturarbeit<\/p>\n","protected":false},"author":17,"featured_media":0,"parent":0,"menu_order":0,"comment_status":"closed","ping_status":"closed","template":"","meta":{"footnotes":""},"_links":{"self":[{"href":"https:\/\/www.acdhh.de\/index.php?rest_route=\/wp\/v2\/pages\/2719"}],"collection":[{"href":"https:\/\/www.acdhh.de\/index.php?rest_route=\/wp\/v2\/pages"}],"about":[{"href":"https:\/\/www.acdhh.de\/index.php?rest_route=\/wp\/v2\/types\/page"}],"author":[{"embeddable":true,"href":"https:\/\/www.acdhh.de\/index.php?rest_route=\/wp\/v2\/users\/17"}],"replies":[{"embeddable":true,"href":"https:\/\/www.acdhh.de\/index.php?rest_route=%2Fwp%2Fv2%2Fcomments&post=2719"}],"version-history":[{"count":17,"href":"https:\/\/www.acdhh.de\/index.php?rest_route=\/wp\/v2\/pages\/2719\/revisions"}],"predecessor-version":[{"id":2831,"href":"https:\/\/www.acdhh.de\/index.php?rest_route=\/wp\/v2\/pages\/2719\/revisions\/2831"}],"wp:attachment":[{"href":"https:\/\/www.acdhh.de\/index.php?rest_route=%2Fwp%2Fv2%2Fmedia&parent=2719"}],"curies":[{"name":"wp","href":"https:\/\/api.w.org\/{rel}","templated":true}]}}