{"id":2568,"date":"2024-02-26T21:31:45","date_gmt":"2024-02-26T19:31:45","guid":{"rendered":"https:\/\/www.acdhh.de\/?page_id=2568"},"modified":"2024-03-01T23:59:06","modified_gmt":"2024-03-01T21:59:06","slug":"donaciones","status":"publish","type":"page","link":"https:\/\/www.acdhh.de\/?page_id=2568","title":{"rendered":"Donaciones"},"content":{"rendered":"<h3>cuenta bancaria<\/h3>\n\n\n<p>Si deseas colaborar con la Asociaci\u00f3n Cultural de Habla Hispana, puedes realizar una transferencia a la siguiente cuenta bancaria:<\/p>\n\n\n\n<pre class=\"wp-block-code has-small-font-size\"><code><strong>IBAN: DE70 7606 9559 0002 7395 77\nBIC: GENODEF1NEA\nAsociacion Cultural de Habala Hispana e.V.\nDeutsche Skatbank\nZwigniederlassung der VR-Bank Altenburger Land eG<\/strong><\/code><\/pre>\n\n\n\n<p>Toda colaboraci\u00f3n es bienvenida. Tu apoyo ayudar\u00e1 a financiar y mejorar los proyectos de nuestra Asociaci\u00f3n que contribuyen a promover la interculturalidad y el biling\u00fcismo.<\/p>\n\n\n\n<p>Apoya nuestra causa! La Asociaci\u00f3n Cultural de Habla Hispana se esfuerza por promover el aprendizaje del espa\u00f1ol y la difusi\u00f3n de la rica herencia cultural hispana. Tu generosidad nos permite continuar ofreciendo cursos y actividades culturales en nuestra comunidad.<\/p>\n\n\n\n<p>Cada aporte, por peque\u00f1o que sea, marca la diferencia y fortalece nuestro compromiso con la ense\u00f1anza del espa\u00f1ol.<\/p>\n\n\n\n<p><\/p>\n\n\n\n<figure class=\"wp-block-image size-large is-resized\"><a href=\"https:\/\/www.acdhh.de\/wp-content\/uploads\/2024\/03\/Donaciones.jpg\"><img loading=\"lazy\" decoding=\"async\" width=\"1024\" height=\"707\" src=\"https:\/\/www.acdhh.de\/wp-content\/uploads\/2024\/03\/Donaciones-1024x707.jpg\" alt=\"\" class=\"wp-image-2781\" style=\"width:886px;height:auto\" srcset=\"https:\/\/www.acdhh.de\/wp-content\/uploads\/2024\/03\/Donaciones-1024x707.jpg 1024w, https:\/\/www.acdhh.de\/wp-content\/uploads\/2024\/03\/Donaciones-300x207.jpg 300w, https:\/\/www.acdhh.de\/wp-content\/uploads\/2024\/03\/Donaciones-768x531.jpg 768w, https:\/\/www.acdhh.de\/wp-content\/uploads\/2024\/03\/Donaciones-1536x1061.jpg 1536w, https:\/\/www.acdhh.de\/wp-content\/uploads\/2024\/03\/Donaciones.jpg 1688w\" sizes=\"(max-width: 1024px) 100vw, 1024px\" \/><\/a><\/figure>\n","protected":false},"excerpt":{"rendered":"<p>cuenta bancaria Si deseas colaborar con la Asociaci\u00f3n Cultural de Habla Hispana, puedes realizar una transferencia a la siguiente cuenta<\/p>\n","protected":false},"author":17,"featured_media":0,"parent":0,"menu_order":0,"comment_status":"closed","ping_status":"closed","template":"","meta":{"footnotes":""},"_links":{"self":[{"href":"https:\/\/www.acdhh.de\/index.php?rest_route=\/wp\/v2\/pages\/2568"}],"collection":[{"href":"https:\/\/www.acdhh.de\/index.php?rest_route=\/wp\/v2\/pages"}],"about":[{"href":"https:\/\/www.acdhh.de\/index.php?rest_route=\/wp\/v2\/types\/page"}],"author":[{"embeddable":true,"href":"https:\/\/www.acdhh.de\/index.php?rest_route=\/wp\/v2\/users\/17"}],"replies":[{"embeddable":true,"href":"https:\/\/www.acdhh.de\/index.php?rest_route=%2Fwp%2Fv2%2Fcomments&post=2568"}],"version-history":[{"count":9,"href":"https:\/\/www.acdhh.de\/index.php?rest_route=\/wp\/v2\/pages\/2568\/revisions"}],"predecessor-version":[{"id":2784,"href":"https:\/\/www.acdhh.de\/index.php?rest_route=\/wp\/v2\/pages\/2568\/revisions\/2784"}],"wp:attachment":[{"href":"https:\/\/www.acdhh.de\/index.php?rest_route=%2Fwp%2Fv2%2Fmedia&parent=2568"}],"curies":[{"name":"wp","href":"https:\/\/api.w.org\/{rel}","templated":true}]}}