{"id":2165,"date":"2023-07-09T12:50:12","date_gmt":"2023-07-09T10:50:12","guid":{"rendered":"http:\/\/www.acdhh.de\/?page_id=2165"},"modified":"2026-01-10T12:21:35","modified_gmt":"2026-01-10T10:21:35","slug":"fechas-actuales-curso-de-verano-2023-y-curso-de-otono-2023","status":"publish","type":"page","link":"https:\/\/www.acdhh.de\/?page_id=2165","title":{"rendered":"Fechas actuales \u00abcursos 2026\u00bb"},"content":{"rendered":"\n<p><\/p>\n\n\n\n<figure class=\"wp-block-image size-full is-resized\"><a href=\"https:\/\/www.acdhh.de\/wp-content\/uploads\/2025\/11\/Clases-2026-1-scaled.jpg\"><img loading=\"lazy\" decoding=\"async\" width=\"2560\" height=\"905\" src=\"https:\/\/www.acdhh.de\/wp-content\/uploads\/2025\/11\/Clases-2026-1-scaled.jpg\" alt=\"\" class=\"wp-image-3236\" style=\"width:884px;height:auto\" srcset=\"https:\/\/www.acdhh.de\/wp-content\/uploads\/2025\/11\/Clases-2026-1-scaled.jpg 2560w, https:\/\/www.acdhh.de\/wp-content\/uploads\/2025\/11\/Clases-2026-1-300x106.jpg 300w, https:\/\/www.acdhh.de\/wp-content\/uploads\/2025\/11\/Clases-2026-1-1024x362.jpg 1024w, https:\/\/www.acdhh.de\/wp-content\/uploads\/2025\/11\/Clases-2026-1-768x271.jpg 768w, https:\/\/www.acdhh.de\/wp-content\/uploads\/2025\/11\/Clases-2026-1-1536x543.jpg 1536w, https:\/\/www.acdhh.de\/wp-content\/uploads\/2025\/11\/Clases-2026-1-2048x724.jpg 2048w\" sizes=\"(max-width: 2560px) 100vw, 2560px\" \/><\/a><\/figure>\n\n\n\n<p>\ud83c\udfd6\ufe0f Vacaciones acdhh:&nbsp; Se rigen por las vacaciones escolares en Bayern.&nbsp; Tampoco hay clases el sabado anterior ni posterior a vacaciones.<\/p>\n\n\n\n<p>\ud83c\udf38 <strong>Fr\u00fchjahrsferien<\/strong> \u2014 vacaciones de primavera 16.02. 20.02.2026<br>\ud83d\udc23 <strong>Osterferien<\/strong> \u2014 vacaciones de Pascua &#8211;&nbsp; 30.03. \u2013 10.04.2026<br>\ud83c\udf3c <strong>Pfingstferien<\/strong> \u2014 vacaciones de Pentecost\u00e9s &#8211; 26.05. &#8211; 05.06.2026<br>\u2600\ufe0f <strong>Sommerferien<\/strong> \u2014 vacaciones de verano &#8211; 03.08. &#8211; 14.09.2026<br>\ud83c\udf41 <strong>Herbstferien<\/strong> \u2014 vacaciones de oto\u00f1o &#8211; 02.11. &#8211; 06.11.2026<br>\ud83c\udf84 <strong>Weihnachtsferien<\/strong> \u2014 vacaciones de Navidad &#8211; 24.12.2026 &#8211; 08.01.2027<\/p>\n\n\n\n<hr class=\"wp-block-separator has-alpha-channel-opacity\"\/>\n\n\n\n<div class=\"wp-block-columns is-layout-flex wp-container-core-columns-layout-1 wp-block-columns-is-layout-flex\">\n<div class=\"wp-block-column is-layout-flow wp-block-column-is-layout-flow\">\n<figure class=\"wp-block-image size-large is-resized\"><a href=\"https:\/\/www.acdhh.de\/wp-content\/uploads\/2023\/07\/signal-2023-07-09-103723.jpeg\"><img loading=\"lazy\" decoding=\"async\" width=\"1024\" height=\"766\" src=\"https:\/\/www.acdhh.de\/wp-content\/uploads\/2023\/07\/signal-2023-07-09-103723-1024x766.jpeg\" alt=\"\" class=\"wp-image-2168\" style=\"width:247px;height:auto\" srcset=\"https:\/\/www.acdhh.de\/wp-content\/uploads\/2023\/07\/signal-2023-07-09-103723-1024x766.jpeg 1024w, https:\/\/www.acdhh.de\/wp-content\/uploads\/2023\/07\/signal-2023-07-09-103723-300x224.jpeg 300w, https:\/\/www.acdhh.de\/wp-content\/uploads\/2023\/07\/signal-2023-07-09-103723-768x575.jpeg 768w, https:\/\/www.acdhh.de\/wp-content\/uploads\/2023\/07\/signal-2023-07-09-103723-1536x1149.jpeg 1536w, https:\/\/www.acdhh.de\/wp-content\/uploads\/2023\/07\/signal-2023-07-09-103723-600x450.jpeg 600w, https:\/\/www.acdhh.de\/wp-content\/uploads\/2023\/07\/signal-2023-07-09-103723.jpeg 2048w\" sizes=\"(max-width: 1024px) 100vw, 1024px\" \/><\/a><\/figure>\n<\/div>\n\n\n\n<div class=\"wp-block-column is-layout-flow wp-block-column-is-layout-flow\">\n<figure class=\"wp-block-image size-full\"><a href=\"https:\/\/www.acdhh.de\/wp-content\/uploads\/2024\/02\/grupo-1.jpg\"><img loading=\"lazy\" decoding=\"async\" width=\"1024\" height=\"692\" src=\"https:\/\/www.acdhh.de\/wp-content\/uploads\/2024\/02\/grupo-1.jpg\" alt=\"\" class=\"wp-image-2555\" srcset=\"https:\/\/www.acdhh.de\/wp-content\/uploads\/2024\/02\/grupo-1.jpg 1024w, https:\/\/www.acdhh.de\/wp-content\/uploads\/2024\/02\/grupo-1-300x203.jpg 300w, https:\/\/www.acdhh.de\/wp-content\/uploads\/2024\/02\/grupo-1-768x519.jpg 768w\" sizes=\"(max-width: 1024px) 100vw, 1024px\" \/><\/a><\/figure>\n<\/div>\n\n\n\n<div class=\"wp-block-column is-layout-flow wp-block-column-is-layout-flow\">\n<figure class=\"wp-block-image size-full\"><a href=\"https:\/\/www.acdhh.de\/wp-content\/uploads\/2024\/02\/grupo-2.jpg\"><img loading=\"lazy\" decoding=\"async\" width=\"1024\" height=\"711\" src=\"https:\/\/www.acdhh.de\/wp-content\/uploads\/2024\/02\/grupo-2.jpg\" alt=\"\" class=\"wp-image-2552\" srcset=\"https:\/\/www.acdhh.de\/wp-content\/uploads\/2024\/02\/grupo-2.jpg 1024w, https:\/\/www.acdhh.de\/wp-content\/uploads\/2024\/02\/grupo-2-300x208.jpg 300w, https:\/\/www.acdhh.de\/wp-content\/uploads\/2024\/02\/grupo-2-768x533.jpg 768w\" sizes=\"(max-width: 1024px) 100vw, 1024px\" \/><\/a><\/figure>\n<\/div>\n<\/div>\n\n\n\n<p><strong>Grupos<\/strong>: \u00abpeques\u00bb, \u00abintermedio\u00bb y \u00abgrandes\u00bb<br><strong>Horario<\/strong>: S\u00e1bados de 10:15 a 12:00 horas<br><strong>Feriados y vacaciones<\/strong>: se rigen por el sistema escolar alem\u00e1n<br><strong>Lugar<\/strong>: Friesenstr. 19A 90441, N\u00fcrnberg, Salas de la Misi\u00f3n Cat\u00f3lica de la Lengua Espa\u00f1ola<br><strong>Costo por curso<\/strong>: 72\u20ac\/participante (segundo hijo 55\u20ac) m\u00e1s membres\u00eda anual 35\u20ac<\/p>\n\n\n\n<p>Entontrar\u00e1s informaci\u00f3n detallada de los cursos e inscripciones en <a href=\"https:\/\/www.acdhh.de\/?page_id=1235\" data-type=\"page\" data-id=\"1235\">Cursos &#8211; Informaci\u00f3n general<\/a>.<\/p>\n\n\n\n<p><strong>\u00abCLASE DE PRUEBA GRATUITA\u00bb<\/strong> Confirma tu participaci\u00f3n. \u00a1Plazas limitadas!<\/p>\n\n\n\n<p>\u2193 Llena el formulario AQU\u00cd \u2193<br><a href=\"https:\/\/tinyurl.com\/2obc2h8e\">[Formulario Clase de Prueba]<\/a>  y te contactaremos para programar una fecha. Estaremos encantados de recibirte. <\/p>\n\n\n\n<ul class=\"wp-block-social-links alignright has-large-icon-size is-content-justification-center is-layout-flex wp-container-core-social-links-layout-1 wp-block-social-links-is-layout-flex\"><li class=\"wp-social-link wp-social-link-youtube  wp-block-social-link\"><a href=\"https:\/\/www.youtube.com\/@asociacionculturaldehablah3847\/featured\" class=\"wp-block-social-link-anchor\"><svg width=\"24\" height=\"24\" viewBox=\"0 0 24 24\" version=\"1.1\" xmlns=\"http:\/\/www.w3.org\/2000\/svg\" aria-hidden=\"true\" focusable=\"false\"><path d=\"M21.8,8.001c0,0-0.195-1.378-0.795-1.985c-0.76-0.797-1.613-0.801-2.004-0.847c-2.799-0.202-6.997-0.202-6.997-0.202 h-0.009c0,0-4.198,0-6.997,0.202C4.608,5.216,3.756,5.22,2.995,6.016C2.395,6.623,2.2,8.001,2.2,8.001S2,9.62,2,11.238v1.517 c0,1.618,0.2,3.237,0.2,3.237s0.195,1.378,0.795,1.985c0.761,0.797,1.76,0.771,2.205,0.855c1.6,0.153,6.8,0.201,6.8,0.201 s4.203-0.006,7.001-0.209c0.391-0.047,1.243-0.051,2.004-0.847c0.6-0.607,0.795-1.985,0.795-1.985s0.2-1.618,0.2-3.237v-1.517 C22,9.62,21.8,8.001,21.8,8.001z M9.935,14.594l-0.001-5.62l5.404,2.82L9.935,14.594z\"><\/path><\/svg><span class=\"wp-block-social-link-label screen-reader-text\">YouTube<\/span><\/a><\/li>\n\n<li class=\"wp-social-link wp-social-link-facebook  wp-block-social-link\"><a href=\"https:\/\/www.facebook.com\/acdhh\/\" class=\"wp-block-social-link-anchor\"><svg width=\"24\" height=\"24\" viewBox=\"0 0 24 24\" version=\"1.1\" xmlns=\"http:\/\/www.w3.org\/2000\/svg\" aria-hidden=\"true\" focusable=\"false\"><path d=\"M12 2C6.5 2 2 6.5 2 12c0 5 3.7 9.1 8.4 9.9v-7H7.9V12h2.5V9.8c0-2.5 1.5-3.9 3.8-3.9 1.1 0 2.2.2 2.2.2v2.5h-1.3c-1.2 0-1.6.8-1.6 1.6V12h2.8l-.4 2.9h-2.3v7C18.3 21.1 22 17 22 12c0-5.5-4.5-10-10-10z\"><\/path><\/svg><span class=\"wp-block-social-link-label screen-reader-text\">Facebook<\/span><\/a><\/li>\n\n<\/ul>\n","protected":false},"excerpt":{"rendered":"<p>\ud83c\udfd6\ufe0f Vacaciones acdhh:&nbsp; Se rigen por las vacaciones escolares en Bayern.&nbsp; Tampoco hay clases el sabado anterior ni posterior a<\/p>\n","protected":false},"author":16,"featured_media":0,"parent":1235,"menu_order":3,"comment_status":"closed","ping_status":"closed","template":"","meta":{"footnotes":""},"_links":{"self":[{"href":"https:\/\/www.acdhh.de\/index.php?rest_route=\/wp\/v2\/pages\/2165"}],"collection":[{"href":"https:\/\/www.acdhh.de\/index.php?rest_route=\/wp\/v2\/pages"}],"about":[{"href":"https:\/\/www.acdhh.de\/index.php?rest_route=\/wp\/v2\/types\/page"}],"author":[{"embeddable":true,"href":"https:\/\/www.acdhh.de\/index.php?rest_route=\/wp\/v2\/users\/16"}],"replies":[{"embeddable":true,"href":"https:\/\/www.acdhh.de\/index.php?rest_route=%2Fwp%2Fv2%2Fcomments&post=2165"}],"version-history":[{"count":39,"href":"https:\/\/www.acdhh.de\/index.php?rest_route=\/wp\/v2\/pages\/2165\/revisions"}],"predecessor-version":[{"id":3280,"href":"https:\/\/www.acdhh.de\/index.php?rest_route=\/wp\/v2\/pages\/2165\/revisions\/3280"}],"up":[{"embeddable":true,"href":"https:\/\/www.acdhh.de\/index.php?rest_route=\/wp\/v2\/pages\/1235"}],"wp:attachment":[{"href":"https:\/\/www.acdhh.de\/index.php?rest_route=%2Fwp%2Fv2%2Fmedia&parent=2165"}],"curies":[{"name":"wp","href":"https:\/\/api.w.org\/{rel}","templated":true}]}}