{"id":2,"date":"2013-04-15T10:57:16","date_gmt":"2013-04-15T08:57:16","guid":{"rendered":"http:\/\/www.acdhh.de\/?page_id=2"},"modified":"2024-02-26T21:07:02","modified_gmt":"2024-02-26T19:07:02","slug":"eine-seite","status":"publish","type":"page","link":"https:\/\/www.acdhh.de\/?page_id=2","title":{"rendered":"Sobre nosotros"},"content":{"rendered":"<h3><strong>\u00a1Bienvenidos a la Asociaci\u00f3n Cultural de Habla Hispana!<\/strong><\/h3>\n<p><a href=\"https:\/\/www.acdhh.de\/wp-content\/uploads\/2024\/02\/primera-directiva.jpg\"><img loading=\"lazy\" decoding=\"async\" class=\"size-medium wp-image-2343 alignleft\" src=\"https:\/\/www.acdhh.de\/wp-content\/uploads\/2024\/02\/primera-directiva-300x225.jpg\" alt=\"\" width=\"300\" height=\"225\" srcset=\"https:\/\/www.acdhh.de\/wp-content\/uploads\/2024\/02\/primera-directiva-300x225.jpg 300w, https:\/\/www.acdhh.de\/wp-content\/uploads\/2024\/02\/primera-directiva.jpg 400w\" sizes=\"(max-width: 300px) 100vw, 300px\" \/><\/a>Hace 15 a\u00f1os, en diciembre de 2009, un grupo de padres de familia, motivados por el deseo de preservar el idioma espa\u00f1ol como lengua materna o segunda lengua materna para sus hijos, fund\u00f3 la Asociaci\u00f3n Cultural de Habla Hispana. Desde entonces, venimos trabajado incansablemente para lograr nuestro objetivo principal: mantener viva nuestra lengua y nuestra cultura en las nuevas generaciones.<\/p>\n<p>\u00a0<\/p>\n<p><a href=\"https:\/\/www.acdhh.de\/wp-content\/uploads\/2024\/02\/primera-clase.jpg\"><img loading=\"lazy\" decoding=\"async\" class=\" wp-image-2349 alignright\" src=\"https:\/\/www.acdhh.de\/wp-content\/uploads\/2024\/02\/primera-clase-300x175.jpg\" alt=\"\" width=\"372\" height=\"217\" srcset=\"https:\/\/www.acdhh.de\/wp-content\/uploads\/2024\/02\/primera-clase-300x175.jpg 300w, https:\/\/www.acdhh.de\/wp-content\/uploads\/2024\/02\/primera-clase.jpg 720w\" sizes=\"(max-width: 372px) 100vw, 372px\" \/><\/a>No podr\u00edamos haber alcanzado este logro sin el apoyo incondicional de la Misi\u00f3n Cat\u00f3lica de Lengua Espa\u00f1ola de N\u00fcrnberg, a quienes expresamos nuestra profunda gratitud, en especial al Padre Joan Vinyeta Punt\u00ed y a todo su equipo de trabajo.\u00a0 Su colaboraci\u00f3n ha sido fundamental para el \u00e9xito de nuestro proyecto, permitiendo que muchos ni\u00f1os aprendan, afiancen y expandan sus conocimientos del espa\u00f1ol.<\/p>\n<h3><strong>Willkommen bei der Asociaci\u00f3n Cultural de Habla Hispana!<\/strong><\/h3>\n\n\n<p class=\"has-drop-cap\">Vor 15 Jahren, im Dezember 2009, wurde die Asociaci\u00f3n Cultural de Habla Hispana auf Initiative einiger Eltern gegr\u00fcndet, die den Wunsch hatten, die spanische Sprache als Mutter- oder Zweitsprache f\u00fcr ihre Kinder zu erhalten. Seitdem arbeiten wir unerm\u00fcdlich daran, unser Hauptziel zu erreichen: unsere Sprache und Kultur in den neuen Generationen lebendig zu erhalten.<\/p>\n\n\n\n<p>Dieses Ziel h\u00e4tten wir nicht erreichen k\u00f6nnen ohne die bedingungslose Unterst\u00fctzung der Katholischen Mission f\u00fcr die spanische Sprache in N\u00fcrnberg, der wir unseren tiefsten Dank aussprechen, insbesondere Pfarrer Joan Vinyeta Punt\u00ed und seinem gesamten Team. Ihre Zusammenarbeit war von grundlegender Bedeutung f\u00fcr den Erfolg unseres Projekts, das es vielen Kindern erm\u00f6glicht hat, Spanisch zu lernen, ihre Kenntnisse zu festigen und zu erweitern.<\/p>\n","protected":false},"excerpt":{"rendered":"<p>\u00a1Bienvenidos a la Asociaci\u00f3n Cultural de Habla Hispana! Hace 15 a\u00f1os, en diciembre de 2009, un grupo de padres de<\/p>\n","protected":false},"author":16,"featured_media":0,"parent":0,"menu_order":1,"comment_status":"closed","ping_status":"closed","template":"","meta":{"footnotes":""},"_links":{"self":[{"href":"https:\/\/www.acdhh.de\/index.php?rest_route=\/wp\/v2\/pages\/2"}],"collection":[{"href":"https:\/\/www.acdhh.de\/index.php?rest_route=\/wp\/v2\/pages"}],"about":[{"href":"https:\/\/www.acdhh.de\/index.php?rest_route=\/wp\/v2\/types\/page"}],"author":[{"embeddable":true,"href":"https:\/\/www.acdhh.de\/index.php?rest_route=\/wp\/v2\/users\/16"}],"replies":[{"embeddable":true,"href":"https:\/\/www.acdhh.de\/index.php?rest_route=%2Fwp%2Fv2%2Fcomments&post=2"}],"version-history":[{"count":41,"href":"https:\/\/www.acdhh.de\/index.php?rest_route=\/wp\/v2\/pages\/2\/revisions"}],"predecessor-version":[{"id":2565,"href":"https:\/\/www.acdhh.de\/index.php?rest_route=\/wp\/v2\/pages\/2\/revisions\/2565"}],"wp:attachment":[{"href":"https:\/\/www.acdhh.de\/index.php?rest_route=%2Fwp%2Fv2%2Fmedia&parent=2"}],"curies":[{"name":"wp","href":"https:\/\/api.w.org\/{rel}","templated":true}]}}