{"id":1215,"date":"2019-04-28T18:17:32","date_gmt":"2019-04-28T16:17:32","guid":{"rendered":"http:\/\/www.acdhh.de\/?page_id=1215"},"modified":"2025-11-26T17:53:18","modified_gmt":"2025-11-26T15:53:18","slug":"consejo-pedagogico-paedagogischer-beirat","status":"publish","type":"page","link":"https:\/\/www.acdhh.de\/?page_id=1215","title":{"rendered":"Equipo Docente | Consejo Pedag\u00f3gico"},"content":{"rendered":"\n<h3 class=\"wp-block-heading\"><strong>Equipo Docente<\/strong><\/h3>\n\n\n<p>Contamos con un equipo docente de maestras y asistentes altamente calificado, apasionado por la ense\u00f1anza del espa\u00f1ol y con una s\u00f3lida formaci\u00f3n pedag\u00f3gica. Todos los miembros de nuestro equipo son hispanohablantes nativos, lo que les permite elaborar una planeaci\u00f3n acad\u00e9mica con un enfoque y contenido enriquecedor, ofreciendo adem\u00e1s clases motivadoras y divertidas.<\/p>\n<p>Este enfoque crea un ambiente de aprendizaje acogedor y estimulante para todos los ni\u00f1os, y permite acompa\u00f1ar su proceso educativo adaptando cada clase a su edad, nivel y ritmo individual.<\/p>\n<p>M\u00e1s all\u00e1 del dominio del idioma, nuestro equipo comparte un profundo respeto y entusiasmo por la diversidad cultural del mundo hispanohablante. Gracias a ello, generamos experiencias de aprendizaje significativas, donde los ni\u00f1os se sienten acompa\u00f1ados, curiosos y orgullosos de su cultura y de hablar espa\u00f1ol.<\/p>\n\n\n<hr class=\"wp-block-separator has-alpha-channel-opacity is-style-wide\"\/>\n\n\n\n<h3 class=\"wp-block-heading\">Consejo Pedag\u00f3gico<\/h3>\n\n\n<p>Nuestro profesorado cuenta adem\u00e1s con el apoyo de un Consejo Pedag\u00f3gico formado por tres madres miembros de la asociaci\u00f3n, con experiencia en educaci\u00f3n, comunicaci\u00f3n y acci\u00f3n social. Este consejo contribuye a mantener la calidad de nuestros contenidos, asegurar la coherencia de nuestros objetivos educativos y promover el crecimiento continuo de nuestra propuesta formativa.<\/p>\n<p>El Consejo Pedag\u00f3gico act\u00faa tambi\u00e9n como un espacio de acompa\u00f1amiento, evaluando el contenido educativo y garantizando que cada decisi\u00f3n responda al bienestar y al desarrollo de los ni\u00f1os. Su mirada externa, experta y comprometida nos impulsa a innovar, a mantener altos est\u00e1ndares y a crear experiencias de aprendizaje que conecten con las familias, fortalezcan la identidad cultural y potencien el amor por el espa\u00f1ol.<\/p>\n<p>Su apoyo tiene como finalidad garantizar que la calidad de nuestra misi\u00f3n educativa se sostenga sobre bases s\u00f3lidas, interculturales, humanas y orientadas al desarrollo integral de los ni\u00f1os.<\/p>\n<p>&nbsp;<\/p>\n\n\n<div class=\"wp-block-columns is-layout-flex wp-container-core-columns-layout-1 wp-block-columns-is-layout-flex\">\n<div class=\"wp-block-column is-layout-flow wp-block-column-is-layout-flow\" style=\"flex-basis:20%\">\n<figure class=\"wp-block-image size-full is-style-rounded\"><a href=\"https:\/\/www.acdhh.de\/wp-content\/uploads\/2024\/02\/Carolina-1.jpg\"><img loading=\"lazy\" decoding=\"async\" width=\"300\" height=\"300\" src=\"https:\/\/www.acdhh.de\/wp-content\/uploads\/2024\/02\/Carolina-1.jpg\" alt=\"\" class=\"wp-image-2365\" srcset=\"https:\/\/www.acdhh.de\/wp-content\/uploads\/2024\/02\/Carolina-1.jpg 300w, https:\/\/www.acdhh.de\/wp-content\/uploads\/2024\/02\/Carolina-1-150x150.jpg 150w\" sizes=\"(max-width: 300px) 100vw, 300px\" \/><\/a><\/figure>\n<\/div>\n\n\n\n<div class=\"wp-block-column is-layout-flow wp-block-column-is-layout-flow\" style=\"flex-basis:80%\">\n<p><strong>Carolina Molina, Psic\u00f3loga\u00a0<\/strong> \ud83c\udde8\ud83c\uddf4<br \/>Contacto: <a href=\"mailto:carolina.molina@acdhh.de\">carolina.molina@acdhh.de<\/a><\/p>\n\n\n\n<hr class=\"wp-block-separator has-alpha-channel-opacity is-style-wide\"\/>\n<\/div>\n<\/div>\n\n\n\n<div class=\"wp-block-columns is-layout-flex wp-container-core-columns-layout-2 wp-block-columns-is-layout-flex\">\n<div class=\"wp-block-column is-layout-flow wp-block-column-is-layout-flow\" style=\"flex-basis:20%\">\n<figure class=\"wp-block-image size-full is-style-rounded\"><a href=\"https:\/\/www.acdhh.de\/wp-content\/uploads\/2024\/02\/Techi.jpg\"><img loading=\"lazy\" decoding=\"async\" width=\"300\" height=\"300\" src=\"https:\/\/www.acdhh.de\/wp-content\/uploads\/2024\/02\/Techi.jpg\" alt=\"\" class=\"wp-image-2374\" srcset=\"https:\/\/www.acdhh.de\/wp-content\/uploads\/2024\/02\/Techi.jpg 300w, https:\/\/www.acdhh.de\/wp-content\/uploads\/2024\/02\/Techi-150x150.jpg 150w\" sizes=\"(max-width: 300px) 100vw, 300px\" \/><\/a><\/figure>\n<\/div>\n\n\n\n<div class=\"wp-block-column is-layout-flow wp-block-column-is-layout-flow\" style=\"flex-basis:80%\">\n<p><strong>Maria Rink, Comunicadora y Economista Social<\/strong>\u00a0 \ud83c\uddf5\ud83c\uddea<br \/>Contacto: <a href=\"mailto:maria.rink@acdhh.de\">maria.rink@acdhh.de<\/a><\/p>\n\n\n\n<hr class=\"wp-block-separator has-alpha-channel-opacity is-style-wide\"\/>\n<\/div>\n<\/div>\n\n\n\n<div class=\"wp-block-columns is-layout-flex wp-container-core-columns-layout-3 wp-block-columns-is-layout-flex\">\n<div class=\"wp-block-column is-layout-flow wp-block-column-is-layout-flow\" style=\"flex-basis:20%\">\n<figure class=\"wp-block-image size-full is-style-rounded\"><a href=\"https:\/\/www.acdhh.de\/wp-content\/uploads\/2025\/11\/Foto_Majo_300x300.jpg\"><img loading=\"lazy\" decoding=\"async\" width=\"300\" height=\"300\" src=\"https:\/\/www.acdhh.de\/wp-content\/uploads\/2025\/11\/Foto_Majo_300x300.jpg\" alt=\"\" class=\"wp-image-3267\" srcset=\"https:\/\/www.acdhh.de\/wp-content\/uploads\/2025\/11\/Foto_Majo_300x300.jpg 300w, https:\/\/www.acdhh.de\/wp-content\/uploads\/2025\/11\/Foto_Majo_300x300-150x150.jpg 150w\" sizes=\"(max-width: 300px) 100vw, 300px\" \/><\/a><\/figure>\n<\/div>\n\n\n\n<div class=\"wp-block-column is-layout-flow wp-block-column-is-layout-flow\" style=\"flex-basis:80%\">\n<p><strong>Maria Kerk, Ingeniera\u00a0<\/strong> \ud83c\uddfb\ud83c\uddea<br \/>Contacto:<a href=\"mailto:maria.kerk@acdhh.de\"> maria.kerk@acdhh.de<\/a><\/p>\n\n\n\n<hr class=\"wp-block-separator has-alpha-channel-opacity is-style-wide\"\/>\n<\/div>\n<\/div>\n\n\n\n<figure class=\"wp-block-gallery has-nested-images columns-default is-cropped wp-block-gallery-1 is-layout-flex wp-block-gallery-is-layout-flex\">\n<figure class=\"wp-block-image size-large\"><a href=\"https:\/\/www.acdhh.de\/wp-content\/uploads\/2025\/11\/image-1.png\"><img loading=\"lazy\" decoding=\"async\" width=\"945\" height=\"270\" data-id=\"3255\" src=\"https:\/\/www.acdhh.de\/wp-content\/uploads\/2025\/11\/image-1.png\" alt=\"\" class=\"wp-image-3255\" srcset=\"https:\/\/www.acdhh.de\/wp-content\/uploads\/2025\/11\/image-1.png 945w, https:\/\/www.acdhh.de\/wp-content\/uploads\/2025\/11\/image-1-300x86.png 300w, https:\/\/www.acdhh.de\/wp-content\/uploads\/2025\/11\/image-1-768x219.png 768w\" sizes=\"(max-width: 945px) 100vw, 945px\" \/><\/a><\/figure>\n<\/figure>\n","protected":false},"excerpt":{"rendered":"<p>Equipo Docente Contamos con un equipo docente de maestras y asistentes altamente calificado, apasionado por la ense\u00f1anza del espa\u00f1ol y<\/p>\n","protected":false},"author":16,"featured_media":0,"parent":2,"menu_order":2,"comment_status":"closed","ping_status":"closed","template":"","meta":{"footnotes":""},"_links":{"self":[{"href":"https:\/\/www.acdhh.de\/index.php?rest_route=\/wp\/v2\/pages\/1215"}],"collection":[{"href":"https:\/\/www.acdhh.de\/index.php?rest_route=\/wp\/v2\/pages"}],"about":[{"href":"https:\/\/www.acdhh.de\/index.php?rest_route=\/wp\/v2\/types\/page"}],"author":[{"embeddable":true,"href":"https:\/\/www.acdhh.de\/index.php?rest_route=\/wp\/v2\/users\/16"}],"replies":[{"embeddable":true,"href":"https:\/\/www.acdhh.de\/index.php?rest_route=%2Fwp%2Fv2%2Fcomments&post=1215"}],"version-history":[{"count":63,"href":"https:\/\/www.acdhh.de\/index.php?rest_route=\/wp\/v2\/pages\/1215\/revisions"}],"predecessor-version":[{"id":3265,"href":"https:\/\/www.acdhh.de\/index.php?rest_route=\/wp\/v2\/pages\/1215\/revisions\/3265"}],"up":[{"embeddable":true,"href":"https:\/\/www.acdhh.de\/index.php?rest_route=\/wp\/v2\/pages\/2"}],"wp:attachment":[{"href":"https:\/\/www.acdhh.de\/index.php?rest_route=%2Fwp%2Fv2%2Fmedia&parent=1215"}],"curies":[{"name":"wp","href":"https:\/\/api.w.org\/{rel}","templated":true}]}}